{"id":7330,"date":"2023-03-06T13:06:48","date_gmt":"2023-03-06T13:06:48","guid":{"rendered":"https:\/\/www.artielektronik.com.tr\/mission-vision\/"},"modified":"2023-03-06T13:10:22","modified_gmt":"2023-03-06T13:10:22","slug":"mission-vision","status":"publish","type":"page","link":"https:\/\/www.artielektronik.com.tr\/en\/mission-vision\/","title":{"rendered":"MISSION &amp; VISION"},"content":{"rendered":"\t\t<div data-elementor-type=\"wp-page\" data-elementor-id=\"7330\" class=\"elementor elementor-7330 elementor-613\" data-elementor-settings=\"{&quot;ha_cmc_init_switcher&quot;:&quot;no&quot;}\">\n\t\t\t\t\t\t<section class=\"elementor-section elementor-top-section elementor-element elementor-element-8ee069e elementor-section-height-min-height elementor-section-items-bottom elementor-section-stretched elementor-section-boxed elementor-section-height-default\" data-id=\"8ee069e\" data-element_type=\"section\" data-settings=\"{&quot;stretch_section&quot;:&quot;section-stretched&quot;,&quot;background_background&quot;:&quot;classic&quot;,&quot;tmea_shape_divider_top&quot;:&quot;none&quot;,&quot;tmea_shape_divider_bottom&quot;:&quot;none&quot;,&quot;_ha_eqh_enable&quot;:false}\">\n\t\t\t\t\t\t\t<div class=\"elementor-background-overlay\"><\/div>\n\t\t\t\t\t\t\t<div class=\"elementor-container elementor-column-gap-default\">\n\t\t\t\t\t<div class=\"elementor-column elementor-col-100 elementor-top-column elementor-element elementor-element-f051e84\" data-id=\"f051e84\" data-element_type=\"column\">\n\t\t\t<div class=\"elementor-widget-wrap elementor-element-populated\">\n\t\t\t\t\n\t\t<div class=\"elementor-element elementor-element-606bbe3 elementor-widget elementor-widget-heading\" data-id=\"606bbe3\" data-element_type=\"widget\" data-widget_type=\"heading.default\">\n\t\t\t\t<div class=\"elementor-widget-container\">\n\t\t\t<style>\/*! elementor - v3.23.0 - 05-08-2024 *\/\n.elementor-heading-title{padding:0;margin:0;line-height:1}.elementor-widget-heading .elementor-heading-title[class*=elementor-size-]>a{color:inherit;font-size:inherit;line-height:inherit}.elementor-widget-heading .elementor-heading-title.elementor-size-small{font-size:15px}.elementor-widget-heading .elementor-heading-title.elementor-size-medium{font-size:19px}.elementor-widget-heading .elementor-heading-title.elementor-size-large{font-size:29px}.elementor-widget-heading .elementor-heading-title.elementor-size-xl{font-size:39px}.elementor-widget-heading .elementor-heading-title.elementor-size-xxl{font-size:59px}<\/style><h1 class='heading-content  style-1'  style=\"color:#E64F3E\"><span>MISSION &amp; VISION<\/span><\/h1>\t\t<\/div>\n\t\t\t\t<\/div>\n\t\t\t\t\t<\/div>\n\t\t<\/div>\n\t\t\t\t\t<\/div>\n\t\t<\/section>\n\t\t\t\t<section class=\"elementor-section elementor-top-section elementor-element elementor-element-d4735f3 elementor-section-boxed elementor-section-height-default elementor-section-height-default\" data-id=\"d4735f3\" data-element_type=\"section\" data-settings=\"{&quot;tmea_shape_divider_top&quot;:&quot;none&quot;,&quot;tmea_shape_divider_bottom&quot;:&quot;none&quot;,&quot;_ha_eqh_enable&quot;:false}\">\n\t\t\t\t\t\t<div class=\"elementor-container elementor-column-gap-default\">\n\t\t\t\t\t<div class=\"elementor-column elementor-col-50 elementor-top-column elementor-element elementor-element-b46ca0a\" data-id=\"b46ca0a\" data-element_type=\"column\">\n\t\t\t<div class=\"elementor-widget-wrap elementor-element-populated\">\n\t\t\t\t\t\t<div class=\"elementor-element elementor-element-d817781 elementor-widget elementor-widget-heading\" data-id=\"d817781\" data-element_type=\"widget\" data-widget_type=\"heading.default\">\n\t\t\t\t<div class=\"elementor-widget-container\">\n\t\t\t<h3 class='heading-left  divider-sm'  style=\"color:#000000\"><span>OUR MISSION<\/span><\/h3>\t\t<\/div>\n\t\t\t\t<\/div>\n\t\t\t\t<div class=\"elementor-element elementor-element-b8657f0 elementor-widget elementor-widget-quote\" data-id=\"b8657f0\" data-element_type=\"widget\" data-widget_type=\"quote.default\">\n\t\t\t\t<div class=\"elementor-widget-container\">\n\t\t\t<blockquote><p>To provide sustainability, competitive and reliable domestic product and design solutions in the national and international market by prioritizing customer satisfaction with current technologies.<\/p><\/blockquote>\t\t<\/div>\n\t\t\t\t<\/div>\n\t\t\t\t<div class=\"elementor-element elementor-element-917601f elementor-widget elementor-widget-heading\" data-id=\"917601f\" data-element_type=\"widget\" data-widget_type=\"heading.default\">\n\t\t\t\t<div class=\"elementor-widget-container\">\n\t\t\t<h3 class='heading-left  divider-sm'  style=\"color:#000000\"><span>OUR VISION<\/span><\/h3>\t\t<\/div>\n\t\t\t\t<\/div>\n\t\t\t\t<div class=\"elementor-element elementor-element-59648b2 elementor-widget elementor-widget-quote\" data-id=\"59648b2\" data-element_type=\"widget\" data-widget_type=\"quote.default\">\n\t\t\t\t<div class=\"elementor-widget-container\">\n\t\t\t<blockquote><p>To be an effective and leading company in the field of power electronics and electronic automation with its domestic, original designs and production.<\/p><\/blockquote>\t\t<\/div>\n\t\t\t\t<\/div>\n\t\t\t\t\t<\/div>\n\t\t<\/div>\n\t\t\t\t<div class=\"elementor-column elementor-col-50 elementor-top-column elementor-element elementor-element-b55c48c\" data-id=\"b55c48c\" data-element_type=\"column\">\n\t\t\t<div class=\"elementor-widget-wrap elementor-element-populated\">\n\t\t\t\t\t\t<div class=\"elementor-element elementor-element-be24d0d elementor-widget elementor-widget-image\" data-id=\"be24d0d\" data-element_type=\"widget\" data-widget_type=\"image.default\">\n\t\t\t\t<div class=\"elementor-widget-container\">\n\t\t\t<style>\/*! elementor - v3.23.0 - 05-08-2024 *\/\n.elementor-widget-image{text-align:center}.elementor-widget-image a{display:inline-block}.elementor-widget-image a img[src$=\".svg\"]{width:48px}.elementor-widget-image img{vertical-align:middle;display:inline-block}<\/style>\t\t\t\t\t\t\t\t\t\t<img fetchpriority=\"high\" decoding=\"async\" width=\"590\" height=\"394\" src=\"https:\/\/www.artielektronik.com.tr\/wp-content\/uploads\/2021\/12\/kurumsal.png\" class=\"attachment-large size-large wp-image-1269\" alt=\"\" srcset=\"https:\/\/www.artielektronik.com.tr\/wp-content\/uploads\/2021\/12\/kurumsal.png 590w, https:\/\/www.artielektronik.com.tr\/wp-content\/uploads\/2021\/12\/kurumsal-300x200.png 300w\" sizes=\"(max-width: 590px) 100vw, 590px\" \/>\t\t\t\t\t\t\t\t\t\t\t\t\t<\/div>\n\t\t\t\t<\/div>\n\t\t\t\t\t<\/div>\n\t\t<\/div>\n\t\t\t\t\t<\/div>\n\t\t<\/section>\n\t\t\t\t<section class=\"elementor-section elementor-top-section elementor-element elementor-element-b3458e3 elementor-section-boxed elementor-section-height-default elementor-section-height-default\" data-id=\"b3458e3\" data-element_type=\"section\" data-settings=\"{&quot;tmea_shape_divider_top&quot;:&quot;none&quot;,&quot;tmea_shape_divider_bottom&quot;:&quot;none&quot;,&quot;_ha_eqh_enable&quot;:false}\">\n\t\t\t\t\t\t<div class=\"elementor-container elementor-column-gap-default\">\n\t\t\t\t\t<div class=\"elementor-column elementor-col-100 elementor-top-column elementor-element elementor-element-7467562\" data-id=\"7467562\" data-element_type=\"column\">\n\t\t\t<div class=\"elementor-widget-wrap elementor-element-populated\">\n\t\t\t\t\t\t<div class=\"elementor-element elementor-element-2b34abd elementor-hidden-desktop elementor-hidden-tablet elementor-hidden-mobile elementor-widget elementor-widget-heading\" data-id=\"2b34abd\" data-element_type=\"widget\" data-widget_type=\"heading.default\">\n\t\t\t\t<div class=\"elementor-widget-container\">\n\t\t\t<h2 class='heading-middle  style-1'  style=\"color:#E64F3E\"><span>OUR QUALITY POLICY<\/span><\/h2>\t\t<\/div>\n\t\t\t\t<\/div>\n\t\t\t\t<div class=\"elementor-element elementor-element-80cb1db elementor-hidden-desktop elementor-hidden-tablet elementor-hidden-mobile elementor-widget elementor-widget-quote\" data-id=\"80cb1db\" data-element_type=\"widget\" data-widget_type=\"quote.default\">\n\t\t\t\t<div class=\"elementor-widget-container\">\n\t\t\t<blockquote class='blockquote-style-2'><p>Kurulu\u015fundan bu yana m\u00fc\u015fteri istek\/ihtiya\u00e7lar\u0131n\u0131 belirlemek ve kar\u015f\u0131lamak i\u00e7in \u00e7al\u0131\u015fma ilkeleri olu\u015fturan ARTI, bunlar\u0131 geli\u015ftirmeye y\u00f6nelik bir\u00e7ok ad\u0131m atm\u0131\u015ft\u0131r.<\/p><\/blockquote>\t\t<\/div>\n\t\t\t\t<\/div>\n\t\t\t\t<div class=\"elementor-element elementor-element-64f7b19 elementor-hidden-desktop elementor-hidden-tablet elementor-hidden-mobile elementor-widget elementor-widget-timeline\" data-id=\"64f7b19\" data-element_type=\"widget\" data-widget_type=\"timeline.default\">\n\t\t\t\t<div class=\"elementor-widget-container\">\n\t\t\t<div class='timeline'><div class=\"timeline-item\"><div class=\"timeline-year\"><\/div><div class=\"timeline-content\"><h3 class=\"timeline-title\"><\/h3><div class=\"timeline-text\">\u00dcretim- Teknik Servis kalite kontrollerini IPC-A-610, IPC-A-620 , J-STD-001 ve IPC-7711\/7721C standartlar\u0131na g\u00f6re yap\u0131lmaktad\u0131r.<\/div><\/div><\/div><div class=\"timeline-item\"><div class=\"timeline-year\"><\/div><div class=\"timeline-content\"><h3 class=\"timeline-title\"><\/h3><div class=\"timeline-text\">Tasar\u0131m s\u00fcre\u00e7lerini MIL-STD askeri standartlar\u0131na g\u00f6re y\u00f6netmektedir.<\/div><\/div><\/div><div class=\"timeline-item\"><div class=\"timeline-year\"><\/div><div class=\"timeline-content\"><h3 class=\"timeline-title\"><\/h3><div class=\"timeline-text\">Entegre Y\u00f6netim Sistemini anlay\u0131\u015f\u0131n\u0131 TS EN ISO 9001 Kalite Y\u00f6netim Sistemi, TS EN 45001: 2018 \u0130\u015f Sa\u011fl\u0131\u011f\u0131 G\u00fcvenli\u011fi Y\u00f6netim Sistemi ve TS EN ISO 14001:2015 \u00c7evre Y\u00f6netim Standard\u0131 ile belgelendirmi\u015ftir. <\/div><\/div><\/div><\/div>\t\t<\/div>\n\t\t\t\t<\/div>\n\t\t\t\t<div data-ha-element-link=\"{&quot;url&quot;:&quot;http:\\\/\\\/r\\\/wp-content\\\/uploads\\\/2023\\\/02\\\/EYSP_entegre_yonetim_sistemi_politikasi_eng_Rev.04-1.pdf&quot;,&quot;is_external&quot;:&quot;on&quot;,&quot;nofollow&quot;:&quot;&quot;}\" style=\"cursor: pointer\" class=\"elementor-element elementor-element-c216fc4 elementor-widget elementor-widget-heading\" data-id=\"c216fc4\" data-element_type=\"widget\" data-widget_type=\"heading.default\">\n\t\t\t\t<div class=\"elementor-widget-container\">\n\t\t\t<h3 class='heading-middle  divider-modern'  style=\"color:#E64F3E\"><span><em class=\"heading-subtitle\">Click to see our Integrated Management System Policy<\/em>IMS (INTEGRATED MANAGEMENT SYSTEM)<\/span><\/h3>\t\t<\/div>\n\t\t\t\t<\/div>\n\t\t\t\t\t<\/div>\n\t\t<\/div>\n\t\t\t\t\t<\/div>\n\t\t<\/section>\n\t\t\t\t<\/div>\n\t\t","protected":false},"excerpt":{"rendered":"<p>MISSION &amp; VISION OUR MISSION To provide sustainability, competitive and reliable domestic product and design solutions in the national and international market by prioritizing customer satisfaction with current technologies. OUR VISION To be an effective and leading company in the &hellip;<\/p>\n","protected":false},"author":1,"featured_media":0,"parent":0,"menu_order":0,"comment_status":"closed","ping_status":"closed","template":"","meta":{"_monsterinsights_skip_tracking":false,"_monsterinsights_sitenote_active":false,"_monsterinsights_sitenote_note":"","_monsterinsights_sitenote_category":0},"aioseo_notices":[],"_links":{"self":[{"href":"https:\/\/www.artielektronik.com.tr\/en\/wp-json\/wp\/v2\/pages\/7330"}],"collection":[{"href":"https:\/\/www.artielektronik.com.tr\/en\/wp-json\/wp\/v2\/pages"}],"about":[{"href":"https:\/\/www.artielektronik.com.tr\/en\/wp-json\/wp\/v2\/types\/page"}],"author":[{"embeddable":true,"href":"https:\/\/www.artielektronik.com.tr\/en\/wp-json\/wp\/v2\/users\/1"}],"replies":[{"embeddable":true,"href":"https:\/\/www.artielektronik.com.tr\/en\/wp-json\/wp\/v2\/comments?post=7330"}],"version-history":[{"count":4,"href":"https:\/\/www.artielektronik.com.tr\/en\/wp-json\/wp\/v2\/pages\/7330\/revisions"}],"predecessor-version":[{"id":7334,"href":"https:\/\/www.artielektronik.com.tr\/en\/wp-json\/wp\/v2\/pages\/7330\/revisions\/7334"}],"wp:attachment":[{"href":"https:\/\/www.artielektronik.com.tr\/en\/wp-json\/wp\/v2\/media?parent=7330"}],"curies":[{"name":"wp","href":"https:\/\/api.w.org\/{rel}","templated":true}]}}